{"id":950,"date":"2024-03-22T12:56:59","date_gmt":"2024-03-22T11:56:59","guid":{"rendered":"http:\/\/berndt-schwerdtfeger.de\/?page_id=950"},"modified":"2024-03-22T12:56:59","modified_gmt":"2024-03-22T11:56:59","slug":"segeln-2024","status":"publish","type":"page","link":"https:\/\/berndt-schwerdtfeger.de\/?page_id=950","title":{"rendered":"Segeln 2024"},"content":{"rendered":"<h3>Saisonstart 2024: aufriggen<\/h3>\n<p>Am Samstag, 16.3.2024, wurden in der <a ttile=\"SVH\" href=\"\/\/svhavel.de\/\" target=\"_blank\" rel=\"noopener\">Seglervereinigung Havel<\/a>  die Boote abgeslippt, mein Conger war um 11:30 dran und war um 11:40 wieder am Steg vert\u00e4ut. Am Mittaoch 20.3.2024, habe ich ihn wieder aufgeriggt und Mast gestellt.<\/p>\n<p>Im Herbst schraube ich das Rigg immer ab, jetzt wurde alles wieder angschraubt werden. Dazu lege ich den Mast an Land auf B\u00f6cke und die Schraubenschl\u00fcssel, Wanten, Salinge, Stagen bereit. Auch die Drahtvorl\u00e4ufer der Fallen sind durch die entsprechenden Rollen zu f\u00e4deln.<\/p>\n<p>Nachdem das Rigg wieder am Mast befestigt ist, transportiere ich Mast samt Rigg wieder an Bord und stecke den Bolzen durch Mastfu\u00df und Mastschiene. Die Ober- und Unterwanten werden an den P\u00fcttingen befestigt und mit einer J\u00fctt der Mast hochgezogen, das Vorstag angeschlagen und die Wanten gespannt.<br \/>\nDer Baum wird im Mast eingesetzt, das Gro\u00dfsegel angeschlagen, an der Baumnock die Dirk gesch\u00e4kelt, ebenso der Baumniederholer, der Unterliekstrecker, sowie die Gro\u00dfschot durch die Bl\u00f6cke gezogen. Zum Schlu\u00df kommt die Segelpersenning dr\u00fcber.<br \/>\nHier die einzelnen Etappen:<br \/>\n<div style=\"width: 640px;\" class=\"wp-video\"><video class=\"wp-video-shortcode\" id=\"video-950-1\" width=\"640\" height=\"360\" preload=\"metadata\" controls=\"controls\"><source type=\"video\/mp4\" src=\"https:\/\/berndt-schwerdtfeger.de\/wp-content\/uploads\/video\/Mast-stellen-2024.mp4?_=1\" \/><a href=\"https:\/\/berndt-schwerdtfeger.de\/wp-content\/uploads\/video\/Mast-stellen-2024.mp4\">https:\/\/berndt-schwerdtfeger.de\/wp-content\/uploads\/video\/Mast-stellen-2024.mp4<\/a><\/video><\/div><\/p>\n","protected":false},"excerpt":{"rendered":"<p>Saisonstart 2024: aufriggen Am Samstag, 16.3.2024, wurden in der Seglervereinigung Havel die Boote abgeslippt, mein Conger war um 11:30 dran und war um 11:40 wieder am Steg vert\u00e4ut. Am Mittaoch 20.3.2024, habe ich ihn wieder aufgeriggt und Mast gestellt. Im Herbst schraube ich das Rigg immer ab, jetzt wurde alles wieder angschraubt werden. Dazu lege [&hellip;]<\/p>\n","protected":false},"author":1,"featured_media":0,"parent":167,"menu_order":0,"comment_status":"closed","ping_status":"closed","template":"","meta":{"ngg_post_thumbnail":0,"footnotes":""},"class_list":["post-950","page","type-page","status-publish","hentry"],"_links":{"self":[{"href":"https:\/\/berndt-schwerdtfeger.de\/index.php?rest_route=\/wp\/v2\/pages\/950","targetHints":{"allow":["GET"]}}],"collection":[{"href":"https:\/\/berndt-schwerdtfeger.de\/index.php?rest_route=\/wp\/v2\/pages"}],"about":[{"href":"https:\/\/berndt-schwerdtfeger.de\/index.php?rest_route=\/wp\/v2\/types\/page"}],"author":[{"embeddable":true,"href":"https:\/\/berndt-schwerdtfeger.de\/index.php?rest_route=\/wp\/v2\/users\/1"}],"replies":[{"embeddable":true,"href":"https:\/\/berndt-schwerdtfeger.de\/index.php?rest_route=%2Fwp%2Fv2%2Fcomments&post=950"}],"version-history":[{"count":1,"href":"https:\/\/berndt-schwerdtfeger.de\/index.php?rest_route=\/wp\/v2\/pages\/950\/revisions"}],"predecessor-version":[{"id":951,"href":"https:\/\/berndt-schwerdtfeger.de\/index.php?rest_route=\/wp\/v2\/pages\/950\/revisions\/951"}],"up":[{"embeddable":true,"href":"https:\/\/berndt-schwerdtfeger.de\/index.php?rest_route=\/wp\/v2\/pages\/167"}],"wp:attachment":[{"href":"https:\/\/berndt-schwerdtfeger.de\/index.php?rest_route=%2Fwp%2Fv2%2Fmedia&parent=950"}],"curies":[{"name":"wp","href":"https:\/\/api.w.org\/{rel}","templated":true}]}}