









{"id":698,"date":"2020-05-27T10:28:38","date_gmt":"2020-05-27T08:28:38","guid":{"rendered":"http:\/\/berndt-schwerdtfeger.de\/?page_id=698"},"modified":"2026-01-14T11:01:16","modified_gmt":"2026-01-14T10:01:16","slug":"segeln-2020","status":"publish","type":"page","link":"https:\/\/berndt-schwerdtfeger.de\/?page_id=698","title":{"rendered":"Segeln 2020"},"content":{"rendered":"<h3>Nach der Saison<\/h3>\n<p>Nach der Saison kommt das Reinigen des Boots &#8211; dazu holt man es aus dem Wasser und spritzt die Unterschale mit einem Hochdruckreiniger ab. Anschlie\u00dfend kommt der GFK-Reiniger an die Reihe, bis es wieder blitzt. Das Unterwasserschiff wird ebenfalls gereinigt.<\/p>\n<div style=\"width: 640px;\" class=\"wp-video\"><video class=\"wp-video-shortcode\" id=\"video-698-1\" width=\"640\" height=\"360\" preload=\"metadata\" controls=\"controls\"><source type=\"video\/mp4\" src=\"http:\/\/berndt-schwerdtfeger.de\/wp-content\/uploads\/video\/Aries.mp4?_=1\" \/><a href=\"http:\/\/berndt-schwerdtfeger.de\/wp-content\/uploads\/video\/Aries.mp4\">http:\/\/berndt-schwerdtfeger.de\/wp-content\/uploads\/video\/Aries.mp4<\/a><\/video><\/div>\n<h3>Ein herbstlicher T\u00f6rn<\/h3>\n<p>Am Donnerstag, 22.10.2020, 14. (und letzter) T\u00f6rn diese Saison. Die Segel des Conger habe ich schon eingelagert, deshalb auf der Yngling &#8211; wieder bis Deutsch-Britischer Yacht Club (Tonne 15). Es ist knapp 19\u00b0, Wind aus S\u00fcd 7-13 kn.<\/p>\n<p><div style=\"width: 640px;\" class=\"wp-video\"><video class=\"wp-video-shortcode\" id=\"video-698-2\" width=\"640\" height=\"360\" preload=\"metadata\" controls=\"controls\"><source type=\"video\/mp4\" src=\"https:\/\/berndt-schwerdtfeger.de\/wp-content\/uploads\/video\/yngling255.mp4?_=2\" \/><a href=\"https:\/\/berndt-schwerdtfeger.de\/wp-content\/uploads\/video\/yngling255.mp4\">https:\/\/berndt-schwerdtfeger.de\/wp-content\/uploads\/video\/yngling255.mp4<\/a><\/video><\/div><br \/>\n<link rel='stylesheet' id='osm-ol3-css-css' href='https:\/\/berndt-schwerdtfeger.de\/wp-content\/plugins\/osm\/js\/OL\/10.9.0\/ol.css?ver=6.9.4' type='text\/css' media='all' \/>\n<link rel='stylesheet' id='osm-ol3-ext-css-css' href='https:\/\/berndt-schwerdtfeger.de\/wp-content\/plugins\/osm\/css\/osm_map_v3.css?ver=6.9.4' type='text\/css' media='all' \/>\n<link rel='stylesheet' id='osm-map-css-css' href='https:\/\/berndt-schwerdtfeger.de\/wp-content\/plugins\/osm\/css\/osm_map.css?ver=6.9.4' type='text\/css' media='all' \/>\n<script type=\"text\/javascript\" src=\"https:\/\/berndt-schwerdtfeger.de\/wp-includes\/js\/dist\/vendor\/wp-polyfill.min.js?ver=3.15.0\" id=\"wp-polyfill-js\"><\/script>\n<script type=\"text\/javascript\" src=\"https:\/\/berndt-schwerdtfeger.de\/wp-content\/plugins\/osm\/js\/OL\/10.9.0\/ol.js?ver=10.9.0\" id=\"osm-ol3-library-js\"><\/script>\n<script type=\"text\/javascript\" src=\"https:\/\/berndt-schwerdtfeger.de\/wp-content\/plugins\/osm\/js\/osm-v3-plugin-lib.js?ver=1.0.0\" id=\"osm-ol3-ext-library-js\"><\/script>\n<script type=\"text\/javascript\" src=\"https:\/\/berndt-schwerdtfeger.de\/wp-content\/plugins\/osm\/js\/osm-metabox-events.js?ver=1.0.0\" id=\"osm-ol3-metabox-events-js\"><\/script>\n<script type=\"text\/javascript\" src=\"https:\/\/berndt-schwerdtfeger.de\/wp-includes\/js\/jquery\/jquery.min.js?ver=3.7.1\" id=\"jquery-core-js\"><\/script>\n<script type=\"text\/javascript\" src=\"https:\/\/berndt-schwerdtfeger.de\/wp-includes\/js\/jquery\/jquery-migrate.min.js?ver=3.4.1\" id=\"jquery-migrate-js\"><\/script>\n<script type=\"text\/javascript\" id=\"osm-map-startup-js-extra\">\n\/* <![CDATA[ *\/\nvar translations = {\"openlayer\":\"open layer\",\"openlayerAtStartup\":\"open layer at startup\",\"generateLink\":\"link to this map with opened layers\",\"shortDescription\":\"short description\",\"generatedShortCode\":\"to get a text control link paste this code in your wordpress editor\",\"closeLayer\":\"close layer\",\"cantGenerateLink\":\"put this string in the existing map short code to control this map\"};\n\/\/# sourceURL=osm-map-startup-js-extra\n\/* ]]> *\/\n<\/script>\n<script type=\"text\/javascript\" src=\"https:\/\/berndt-schwerdtfeger.de\/wp-content\/plugins\/osm\/js\/osm-startup-lib.js?ver=V6.2.5\" id=\"osm-map-startup-js\"><\/script>\n\n        <div id=\"map_ol3js_1\"\n       class=\"osm-map-container undefined\"\n             data-map_name=\"undefined\"\n             data-map=\"map_ol3js_1\"\n             data-autoshow=\"no\"\n             style=\"width:100%;\n                    max-width:100%;\n                    height:450px;\n                    display:block;\n                    overflow:hidden;\n                    border:2px solid grey;\n                    position: relative;\">\n          <div id=\"map_ol3js_1_popup\" class=\"ol-popup\">\n            <a href=\"#\" id=\"map_ol3js_1_popup-closer\" class=\"ol-popup-closer\"><\/a>\n            <div id=\"map_ol3js_1_popup-content\"><\/div>\n          <\/div>\n        <\/div>\n    <script type=\"text\/javascript\">\n\t\t\t  vectorM['map_ol3js_1'] = [];\n\t        \n        var raster = getTileLayer(\"openstreetmap\",\"NoKey\");\t\t\t\n\n\t\t\t  var map_ol3js_1 = new ol.Map({\n\t\t\t\tinteractions: ol.interaction.defaults.defaults({mouseWheelZoom:false}),\n\t\t\t\tlayers: [raster],\n\t\t\t\ttarget: \"map_ol3js_1\",\n\t\t\t\tview: new ol.View({\n\t\t\t\t  center: ol.proj.transform([6.378,58.213], \"EPSG:4326\", \"EPSG:3857\"),\n\t\t\t\t  zoom: 9\n\t\t\t\t})\n\t\t\t  });\n\t\t\t  \n    var style_map_ol3js_1_0 = {\n      \"Point\": [new ol.style.Style({\n\n          image: new ol.style.Icon({\n            anchor: [0.5, 41],\n            anchorXUnits: \"fraction\",\n            anchorYUnits: \"pixels\",\n            opacity: 0.75,\n            src: \"https:\/\/berndt-schwerdtfeger.de\/wp-content\/plugins\/osm\/icons\/mic_blue_pinother_02.png\"\n          })\n      })],\n\n      \"LineString\": [new ol.style.Style({\n        stroke: new ol.style.Stroke({\n          color: \"#4444ff\",\n          width: 8\n        })\n      })],\n      \"MultiLineString\": [new ol.style.Style({\n        stroke: new ol.style.Stroke({\n          color: \"#4444ff\",\n          width: 4\n        })\n      })]\n    };\n\t\t  var vectorL0 = new ol.layer.Vector({\n\t\t\t\tsource: new ol.source.Vector({\n\t\t\t\turl:\"wp-content\/uploads\/Yngling255.gpx\",\n\t\t\t\tformat: new ol.format.GPX({\n\t\t\t\t\textractStyles: false\n\t\t\t\t})\n\t\t\t}),\n\t\t\tzIndex: 92,\n\t\t\tstyle: function(feature, resolution) {return style_map_ol3js_1_0[feature.getGeometry().getType()];}\n\t\t  });\n\t\t  map_ol3js_1.addLayer(vectorL0);\n      var extension1 = ol.extent.createEmpty();\n      var curZoom1 = map_ol3js_1.getView().getZoom();\n\n      map_ol3js_1.getLayers().forEach(function(layer){\n         if(!layer.get(\"id\")) {     \n            layer.once(\"change\", function(e){\n               ol.extent.extend(extension1, (layer.getSource().getExtent()));\n               map_ol3js_1.getView().fit(extension1, {padding: [50, 50, 50, 50]});\n            });\n         }\n      });\n\n    \naddControls2Map(map_ol3js_1,1,0,3,1,5,6,7,1,1);\nosm_addPopupClickhandler(map_ol3js_1,  \"map_ol3js_1\"); \nosm_addMouseHover(map_ol3js_1); <\/script><\/p>\n<h3>Richtung Schwanenwerder<\/h3>\n<p>13. T\u00f6rn 2020  bis Deutsch-Britischer Yacht Club (Tonne 16), am Dienstag, 22. September. Wind aus S\u00fcd 2-9 kn, es ist 24\u00b0-28\u00b0.<\/p>\n<p><div style=\"width: 640px;\" class=\"wp-video\"><video class=\"wp-video-shortcode\" id=\"video-698-3\" width=\"640\" height=\"360\" preload=\"metadata\" controls=\"controls\"><source type=\"video\/mp4\" src=\"http:\/\/berndt-schwerdtfeger.de\/wp-content\/uploads\/video\/aries254.mp4?_=3\" \/><a href=\"http:\/\/berndt-schwerdtfeger.de\/wp-content\/uploads\/video\/aries254.mp4\">http:\/\/berndt-schwerdtfeger.de\/wp-content\/uploads\/video\/aries254.mp4<\/a><\/video><\/div><br \/>\n\n        <div id=\"map_ol3js_2\"\n       class=\"osm-map-container undefined\"\n             data-map_name=\"undefined\"\n             data-map=\"map_ol3js_2\"\n             data-autoshow=\"no\"\n             style=\"width:100%;\n                    max-width:100%;\n                    height:450px;\n                    display:block;\n                    overflow:hidden;\n                    border:2px solid grey;\n                    position: relative;\">\n          <div id=\"map_ol3js_2_popup\" class=\"ol-popup\">\n            <a href=\"#\" id=\"map_ol3js_2_popup-closer\" class=\"ol-popup-closer\"><\/a>\n            <div id=\"map_ol3js_2_popup-content\"><\/div>\n          <\/div>\n        <\/div>\n    <script type=\"text\/javascript\">\n\t\t\t  vectorM['map_ol3js_2'] = [];\n\t        \n        var raster = getTileLayer(\"openstreetmap\",\"NoKey\");\t\t\t\n\n\t\t\t  var map_ol3js_2 = new ol.Map({\n\t\t\t\tinteractions: ol.interaction.defaults.defaults({mouseWheelZoom:false}),\n\t\t\t\tlayers: [raster],\n\t\t\t\ttarget: \"map_ol3js_2\",\n\t\t\t\tview: new ol.View({\n\t\t\t\t  center: ol.proj.transform([6.378,58.213], \"EPSG:4326\", \"EPSG:3857\"),\n\t\t\t\t  zoom: 9\n\t\t\t\t})\n\t\t\t  });\n\t\t\t  \n    var style_map_ol3js_2_0 = {\n      \"Point\": [new ol.style.Style({\n\n          image: new ol.style.Icon({\n            anchor: [0.5, 41],\n            anchorXUnits: \"fraction\",\n            anchorYUnits: \"pixels\",\n            opacity: 0.75,\n            src: \"https:\/\/berndt-schwerdtfeger.de\/wp-content\/plugins\/osm\/icons\/mic_blue_pinother_02.png\"\n          })\n      })],\n\n      \"LineString\": [new ol.style.Style({\n        stroke: new ol.style.Stroke({\n          color: \"#4444ff\",\n          width: 8\n        })\n      })],\n      \"MultiLineString\": [new ol.style.Style({\n        stroke: new ol.style.Stroke({\n          color: \"#4444ff\",\n          width: 4\n        })\n      })]\n    };\n\t\t  var vectorL0 = new ol.layer.Vector({\n\t\t\t\tsource: new ol.source.Vector({\n\t\t\t\turl:\"wp-content\/uploads\/Aries254.gpx\",\n\t\t\t\tformat: new ol.format.GPX({\n\t\t\t\t\textractStyles: false\n\t\t\t\t})\n\t\t\t}),\n\t\t\tzIndex: 92,\n\t\t\tstyle: function(feature, resolution) {return style_map_ol3js_2_0[feature.getGeometry().getType()];}\n\t\t  });\n\t\t  map_ol3js_2.addLayer(vectorL0);\n      var extension2 = ol.extent.createEmpty();\n      var curZoom2 = map_ol3js_2.getView().getZoom();\n\n      map_ol3js_2.getLayers().forEach(function(layer){\n         if(!layer.get(\"id\")) {     \n            layer.once(\"change\", function(e){\n               ol.extent.extend(extension2, (layer.getSource().getExtent()));\n               map_ol3js_2.getView().fit(extension2, {padding: [50, 50, 50, 50]});\n            });\n         }\n      });\n\n    \naddControls2Map(map_ol3js_2,1,0,3,1,5,6,7,1,1);\nosm_addPopupClickhandler(map_ol3js_2,  \"map_ol3js_2\"); \nosm_addMouseHover(map_ol3js_2); <\/script><\/p>\n<h3>Rund Lindwerder und Imchen<\/h3>\n<p>12. T\u00f6rn 2020 rund Lindwerder und Imchen auf meinem Conger, Donnerstag, 17. September. Es ist um 20\u00b0 bei Wind aus N-NE 4-16 kn.<\/p>\n<p><div style=\"width: 640px;\" class=\"wp-video\"><video class=\"wp-video-shortcode\" id=\"video-698-4\" width=\"640\" height=\"360\" preload=\"metadata\" controls=\"controls\"><source type=\"video\/mp4\" src=\"https:\/\/berndt-schwerdtfeger.de\/wp-content\/uploads\/video\/aries253.mp4?_=4\" \/><a href=\"https:\/\/berndt-schwerdtfeger.de\/wp-content\/uploads\/video\/aries253.mp4\">https:\/\/berndt-schwerdtfeger.de\/wp-content\/uploads\/video\/aries253.mp4<\/a><\/video><\/div><br \/>\n\n        <div id=\"map_ol3js_3\"\n       class=\"osm-map-container undefined\"\n             data-map_name=\"undefined\"\n             data-map=\"map_ol3js_3\"\n             data-autoshow=\"no\"\n             style=\"width:100%;\n                    max-width:100%;\n                    height:450px;\n                    display:block;\n                    overflow:hidden;\n                    border:2px solid grey;\n                    position: relative;\">\n          <div id=\"map_ol3js_3_popup\" class=\"ol-popup\">\n            <a href=\"#\" id=\"map_ol3js_3_popup-closer\" class=\"ol-popup-closer\"><\/a>\n            <div id=\"map_ol3js_3_popup-content\"><\/div>\n          <\/div>\n        <\/div>\n    <script type=\"text\/javascript\">\n\t\t\t  vectorM['map_ol3js_3'] = [];\n\t        \n        var raster = getTileLayer(\"openstreetmap\",\"NoKey\");\t\t\t\n\n\t\t\t  var map_ol3js_3 = new ol.Map({\n\t\t\t\tinteractions: ol.interaction.defaults.defaults({mouseWheelZoom:false}),\n\t\t\t\tlayers: [raster],\n\t\t\t\ttarget: \"map_ol3js_3\",\n\t\t\t\tview: new ol.View({\n\t\t\t\t  center: ol.proj.transform([6.378,58.213], \"EPSG:4326\", \"EPSG:3857\"),\n\t\t\t\t  zoom: 9\n\t\t\t\t})\n\t\t\t  });\n\t\t\t  \n    var style_map_ol3js_3_0 = {\n      \"Point\": [new ol.style.Style({\n\n          image: new ol.style.Icon({\n            anchor: [0.5, 41],\n            anchorXUnits: \"fraction\",\n            anchorYUnits: \"pixels\",\n            opacity: 0.75,\n            src: \"https:\/\/berndt-schwerdtfeger.de\/wp-content\/plugins\/osm\/icons\/mic_blue_pinother_02.png\"\n          })\n      })],\n\n      \"LineString\": [new ol.style.Style({\n        stroke: new ol.style.Stroke({\n          color: \"#4444ff\",\n          width: 8\n        })\n      })],\n      \"MultiLineString\": [new ol.style.Style({\n        stroke: new ol.style.Stroke({\n          color: \"#4444ff\",\n          width: 4\n        })\n      })]\n    };\n\t\t  var vectorL0 = new ol.layer.Vector({\n\t\t\t\tsource: new ol.source.Vector({\n\t\t\t\turl:\"wp-content\/uploads\/Aries253.gpx\",\n\t\t\t\tformat: new ol.format.GPX({\n\t\t\t\t\textractStyles: false\n\t\t\t\t})\n\t\t\t}),\n\t\t\tzIndex: 92,\n\t\t\tstyle: function(feature, resolution) {return style_map_ol3js_3_0[feature.getGeometry().getType()];}\n\t\t  });\n\t\t  map_ol3js_3.addLayer(vectorL0);\n      var extension3 = ol.extent.createEmpty();\n      var curZoom3 = map_ol3js_3.getView().getZoom();\n\n      map_ol3js_3.getLayers().forEach(function(layer){\n         if(!layer.get(\"id\")) {     \n            layer.once(\"change\", function(e){\n               ol.extent.extend(extension3, (layer.getSource().getExtent()));\n               map_ol3js_3.getView().fit(extension3, {padding: [50, 50, 50, 50]});\n            });\n         }\n      });\n\n    \naddControls2Map(map_ol3js_3,1,0,3,1,5,6,7,1,1);\nosm_addPopupClickhandler(map_ol3js_3,  \"map_ol3js_3\"); \nosm_addMouseHover(map_ol3js_3); <\/script><\/p>\n<h3>Rund Imchen und in den Wannsee<\/h3>\n<p>10. T\u00f6rn 2020 rund Imchen und zum Flensburger L\u00f6wen im Wannsee, Dienstag, 25. August. Wind von SW-NW 6-14 kn, Temperatur 21\u00b0-24\u00b0.<\/p>\n<p><div style=\"width: 640px;\" class=\"wp-video\"><video class=\"wp-video-shortcode\" id=\"video-698-5\" width=\"640\" height=\"360\" preload=\"metadata\" controls=\"controls\"><source type=\"video\/mp4\" src=\"https:\/\/berndt-schwerdtfeger.de\/wp-content\/uploads\/video\/yngling251.mp4?_=5\" \/><a href=\"https:\/\/berndt-schwerdtfeger.de\/wp-content\/uploads\/video\/yngling251.mp4\">https:\/\/berndt-schwerdtfeger.de\/wp-content\/uploads\/video\/yngling251.mp4<\/a><\/video><\/div> &#8211; wie man sieht segel ich die Yngling meines Vereins.<br \/>\n\n        <div id=\"map_ol3js_4\"\n       class=\"osm-map-container undefined\"\n             data-map_name=\"undefined\"\n             data-map=\"map_ol3js_4\"\n             data-autoshow=\"no\"\n             style=\"width:100%;\n                    max-width:100%;\n                    height:450px;\n                    display:block;\n                    overflow:hidden;\n                    border:2px solid grey;\n                    position: relative;\">\n          <div id=\"map_ol3js_4_popup\" class=\"ol-popup\">\n            <a href=\"#\" id=\"map_ol3js_4_popup-closer\" class=\"ol-popup-closer\"><\/a>\n            <div id=\"map_ol3js_4_popup-content\"><\/div>\n          <\/div>\n        <\/div>\n    <script type=\"text\/javascript\">\n\t\t\t  vectorM['map_ol3js_4'] = [];\n\t        \n        var raster = getTileLayer(\"openstreetmap\",\"NoKey\");\t\t\t\n\n\t\t\t  var map_ol3js_4 = new ol.Map({\n\t\t\t\tinteractions: ol.interaction.defaults.defaults({mouseWheelZoom:false}),\n\t\t\t\tlayers: [raster],\n\t\t\t\ttarget: \"map_ol3js_4\",\n\t\t\t\tview: new ol.View({\n\t\t\t\t  center: ol.proj.transform([6.378,58.213], \"EPSG:4326\", \"EPSG:3857\"),\n\t\t\t\t  zoom: 9\n\t\t\t\t})\n\t\t\t  });\n\t\t\t  \n    var style_map_ol3js_4_0 = {\n      \"Point\": [new ol.style.Style({\n\n          image: new ol.style.Icon({\n            anchor: [0.5, 41],\n            anchorXUnits: \"fraction\",\n            anchorYUnits: \"pixels\",\n            opacity: 0.75,\n            src: \"https:\/\/berndt-schwerdtfeger.de\/wp-content\/plugins\/osm\/icons\/mic_blue_pinother_02.png\"\n          })\n      })],\n\n      \"LineString\": [new ol.style.Style({\n        stroke: new ol.style.Stroke({\n          color: \"#4444ff\",\n          width: 8\n        })\n      })],\n      \"MultiLineString\": [new ol.style.Style({\n        stroke: new ol.style.Stroke({\n          color: \"#4444ff\",\n          width: 4\n        })\n      })]\n    };\n\t\t  var vectorL0 = new ol.layer.Vector({\n\t\t\t\tsource: new ol.source.Vector({\n\t\t\t\turl:\"wp-content\/uploads\/Yngling251.gpx\",\n\t\t\t\tformat: new ol.format.GPX({\n\t\t\t\t\textractStyles: false\n\t\t\t\t})\n\t\t\t}),\n\t\t\tzIndex: 92,\n\t\t\tstyle: function(feature, resolution) {return style_map_ol3js_4_0[feature.getGeometry().getType()];}\n\t\t  });\n\t\t  map_ol3js_4.addLayer(vectorL0);\n      var extension4 = ol.extent.createEmpty();\n      var curZoom4 = map_ol3js_4.getView().getZoom();\n\n      map_ol3js_4.getLayers().forEach(function(layer){\n         if(!layer.get(\"id\")) {     \n            layer.once(\"change\", function(e){\n               ol.extent.extend(extension4, (layer.getSource().getExtent()));\n               map_ol3js_4.getView().fit(extension4, {padding: [50, 50, 50, 50]});\n            });\n         }\n      });\n\n    \naddControls2Map(map_ol3js_4,1,0,3,1,5,6,7,1,1);\nosm_addPopupClickhandler(map_ol3js_4,  \"map_ol3js_4\"); \nosm_addMouseHover(map_ol3js_4); <\/script><\/p>\n<h3>1. Clubregatta 2020<\/h3>\n<p>Wir mussten lange auf diese 1. Regatta warten &#8211; so war es kein Wunder, dass sich ein Drittel aller Boote aus unserem Verein gemeldet hatten: 20 waren am Samstag, 22.08., am Start. Bei angenehmen 23\u00b0-26\u00b0C und s\u00fcdwestlichen Winden von 10-18 kn waren zwei Wettfahrten recht kurzweilig. Der Conger belegte den 16. Platz. Bei der SVH siehe alle <a title=\"1. Clubregatta\" href=\"https:\/\/svhavel.de\/1-clubwettfahrt-2020\/\" target=\"_blank\" rel=\"noopener noreferrer\">Ergebnisse<\/a>.<br \/>\nngg_shortcode_0_placeholder<\/p>\n<h3>Rund K\u00e4lberwerder<\/h3>\n<p>8. T\u00f6rn 2020 rund K\u00e4lberwerder, Donnerstag, 20. August, S-W 6-16 kn und 30\u00b0.<\/p>\n<div style=\"width: 640px;\" class=\"wp-video\"><video class=\"wp-video-shortcode\" id=\"video-698-6\" width=\"640\" height=\"360\" preload=\"metadata\" controls=\"controls\"><source type=\"video\/mp4\" src=\"https:\/\/berndt-schwerdtfeger.de\/wp-content\/uploads\/video\/aries249.mp4?_=6\" \/><br \/><a href=\"https:\/\/berndt-schwerdtfeger.de\/wp-content\/uploads\/video\/aries249.mp4\">https:\/\/berndt-schwerdtfeger.de\/wp-content\/uploads\/video\/aries249.mp4<\/a><\/video><\/div>\n<p>&nbsp;<\/p>\n<h3>Rund Lindwerder<\/h3>\n<p>7. T\u00f6rn 2020 rund Lindwerder, Donnerstag, 13. August. Wind SE-S von 4-16 kn, 30\u00b0-32\u00b0.<\/p>\n<div style=\"width: 640px;\" class=\"wp-video\"><video class=\"wp-video-shortcode\" id=\"video-698-7\" width=\"640\" height=\"360\" preload=\"metadata\" controls=\"controls\"><source type=\"video\/mp4\" src=\"https:\/\/berndt-schwerdtfeger.de\/wp-content\/uploads\/video\/aries248.mp4?_=7\" \/><a href=\"https:\/\/berndt-schwerdtfeger.de\/wp-content\/uploads\/video\/aries248.mp4\">https:\/\/berndt-schwerdtfeger.de\/wp-content\/uploads\/video\/aries248.mp4<\/a><\/video><\/div>\n<p>&nbsp;<\/p>\n<h3>Rund Pfaueninsel<\/h3>\n<p>6. T\u00f6rn 2020 rund Pfaueninsel, Donnerstag, 30. Juli. Wind aus Nord-NW von 6-20 kn, deshalb nur die Fock, Temp. bis 23\u00b0.<\/p>\n<p><div style=\"width: 640px;\" class=\"wp-video\"><video class=\"wp-video-shortcode\" id=\"video-698-8\" width=\"640\" height=\"360\" preload=\"metadata\" controls=\"controls\"><source type=\"video\/mp4\" src=\"https:\/\/berndt-schwerdtfeger.de\/wp-content\/uploads\/video\/aries247.mp4?_=8\" \/><a href=\"https:\/\/berndt-schwerdtfeger.de\/wp-content\/uploads\/video\/aries247.mp4\">https:\/\/berndt-schwerdtfeger.de\/wp-content\/uploads\/video\/aries247.mp4<\/a><\/video><\/div><br \/>\n\n        <div id=\"map_ol3js_5\"\n       class=\"osm-map-container undefined\"\n             data-map_name=\"undefined\"\n             data-map=\"map_ol3js_5\"\n             data-autoshow=\"no\"\n             style=\"width:100%;\n                    max-width:100%;\n                    height:450px;\n                    display:block;\n                    overflow:hidden;\n                    border:2px solid grey;\n                    position: relative;\">\n          <div id=\"map_ol3js_5_popup\" class=\"ol-popup\">\n            <a href=\"#\" id=\"map_ol3js_5_popup-closer\" class=\"ol-popup-closer\"><\/a>\n            <div id=\"map_ol3js_5_popup-content\"><\/div>\n          <\/div>\n        <\/div>\n    <script type=\"text\/javascript\">\n\t\t\t  vectorM['map_ol3js_5'] = [];\n\t        \n        var raster = getTileLayer(\"openstreetmap\",\"NoKey\");\t\t\t\n\n\t\t\t  var map_ol3js_5 = new ol.Map({\n\t\t\t\tinteractions: ol.interaction.defaults.defaults({mouseWheelZoom:false}),\n\t\t\t\tlayers: [raster],\n\t\t\t\ttarget: \"map_ol3js_5\",\n\t\t\t\tview: new ol.View({\n\t\t\t\t  center: ol.proj.transform([6.378,58.213], \"EPSG:4326\", \"EPSG:3857\"),\n\t\t\t\t  zoom: 9\n\t\t\t\t})\n\t\t\t  });\n\t\t\t  \n    var style_map_ol3js_5_0 = {\n      \"Point\": [new ol.style.Style({\n\n          image: new ol.style.Icon({\n            anchor: [0.5, 41],\n            anchorXUnits: \"fraction\",\n            anchorYUnits: \"pixels\",\n            opacity: 0.75,\n            src: \"https:\/\/berndt-schwerdtfeger.de\/wp-content\/plugins\/osm\/icons\/mic_blue_pinother_02.png\"\n          })\n      })],\n\n      \"LineString\": [new ol.style.Style({\n        stroke: new ol.style.Stroke({\n          color: \"#4444ff\",\n          width: 8\n        })\n      })],\n      \"MultiLineString\": [new ol.style.Style({\n        stroke: new ol.style.Stroke({\n          color: \"#4444ff\",\n          width: 4\n        })\n      })]\n    };\n\t\t  var vectorL0 = new ol.layer.Vector({\n\t\t\t\tsource: new ol.source.Vector({\n\t\t\t\turl:\"wp-content\/uploads\/Aries247.gpx\",\n\t\t\t\tformat: new ol.format.GPX({\n\t\t\t\t\textractStyles: false\n\t\t\t\t})\n\t\t\t}),\n\t\t\tzIndex: 92,\n\t\t\tstyle: function(feature, resolution) {return style_map_ol3js_5_0[feature.getGeometry().getType()];}\n\t\t  });\n\t\t  map_ol3js_5.addLayer(vectorL0);\n      var extension5 = ol.extent.createEmpty();\n      var curZoom5 = map_ol3js_5.getView().getZoom();\n\n      map_ol3js_5.getLayers().forEach(function(layer){\n         if(!layer.get(\"id\")) {     \n            layer.once(\"change\", function(e){\n               ol.extent.extend(extension5, (layer.getSource().getExtent()));\n               map_ol3js_5.getView().fit(extension5, {padding: [50, 50, 50, 50]});\n            });\n         }\n      });\n\n    \naddControls2Map(map_ol3js_5,1,0,3,1,5,6,7,1,1);\nosm_addPopupClickhandler(map_ol3js_5,  \"map_ol3js_5\"); \nosm_addMouseHover(map_ol3js_5); <\/script><\/p>\n<h3>Aries rund Imchen<\/h3>\n<p>Mein 2. T\u00f6rn 2020, am Dienstag, 26. Mai, ging vom St\u00f6\u00dfensee zum Wannsee und rund Imchen. Um 20\u00b0 bei Nord 5-14 kn.<\/p>\n<div style=\"width: 640px;\" class=\"wp-video\"><video class=\"wp-video-shortcode\" id=\"video-698-9\" width=\"640\" height=\"360\" preload=\"metadata\" controls=\"controls\"><source type=\"video\/mp4\" src=\"https:\/\/berndt-schwerdtfeger.de\/wp-content\/uploads\/video\/aries243.mp4?_=9\" \/><a href=\"https:\/\/berndt-schwerdtfeger.de\/wp-content\/uploads\/video\/aries243.mp4\">https:\/\/berndt-schwerdtfeger.de\/wp-content\/uploads\/video\/aries243.mp4<\/a><\/video><\/div>\n","protected":false},"excerpt":{"rendered":"<p>Nach der Saison Nach der Saison kommt das Reinigen des Boots &#8211; dazu holt man es aus dem Wasser und spritzt die Unterschale mit einem Hochdruckreiniger ab. Anschlie\u00dfend kommt der GFK-Reiniger an die Reihe, bis es wieder blitzt. Das Unterwasserschiff wird ebenfalls gereinigt. Ein herbstlicher T\u00f6rn Am Donnerstag, 22.10.2020, 14. (und letzter) T\u00f6rn diese Saison. [&hellip;]<\/p>\n","protected":false},"author":1,"featured_media":0,"parent":167,"menu_order":0,"comment_status":"closed","ping_status":"closed","template":"","meta":{"ngg_post_thumbnail":0,"footnotes":""},"class_list":["post-698","page","type-page","status-publish","hentry"],"_links":{"self":[{"href":"https:\/\/berndt-schwerdtfeger.de\/index.php?rest_route=\/wp\/v2\/pages\/698","targetHints":{"allow":["GET"]}}],"collection":[{"href":"https:\/\/berndt-schwerdtfeger.de\/index.php?rest_route=\/wp\/v2\/pages"}],"about":[{"href":"https:\/\/berndt-schwerdtfeger.de\/index.php?rest_route=\/wp\/v2\/types\/page"}],"author":[{"embeddable":true,"href":"https:\/\/berndt-schwerdtfeger.de\/index.php?rest_route=\/wp\/v2\/users\/1"}],"replies":[{"embeddable":true,"href":"https:\/\/berndt-schwerdtfeger.de\/index.php?rest_route=%2Fwp%2Fv2%2Fcomments&post=698"}],"version-history":[{"count":42,"href":"https:\/\/berndt-schwerdtfeger.de\/index.php?rest_route=\/wp\/v2\/pages\/698\/revisions"}],"predecessor-version":[{"id":1049,"href":"https:\/\/berndt-schwerdtfeger.de\/index.php?rest_route=\/wp\/v2\/pages\/698\/revisions\/1049"}],"up":[{"embeddable":true,"href":"https:\/\/berndt-schwerdtfeger.de\/index.php?rest_route=\/wp\/v2\/pages\/167"}],"wp:attachment":[{"href":"https:\/\/berndt-schwerdtfeger.de\/index.php?rest_route=%2Fwp%2Fv2%2Fmedia&parent=698"}],"curies":[{"name":"wp","href":"https:\/\/api.w.org\/{rel}","templated":true}]}}