{"id":674,"date":"2020-03-23T00:04:39","date_gmt":"2020-03-22T23:04:39","guid":{"rendered":"http:\/\/berndt-schwerdtfeger.de\/?page_id=674"},"modified":"2020-11-22T18:26:08","modified_gmt":"2020-11-22T17:26:08","slug":"sailing-2019","status":"publish","type":"page","link":"https:\/\/berndt-schwerdtfeger.de\/?page_id=674","title":{"rendered":"Segeln 2019"},"content":{"rendered":"<h3>Aries Segeln 2019<\/h3>\n<p>Ein weiterer herbstlicher T\u00f6rn rund Lindwerder, Donnerstag, 24.10.2019<\/p>\n<div style=\"width: 640px;\" class=\"wp-video\"><video class=\"wp-video-shortcode\" id=\"video-674-1\" width=\"640\" height=\"360\" preload=\"metadata\" controls=\"controls\"><source type=\"video\/mp4\" src=\"http:\/\/berndt-schwerdtfeger.de\/wp-content\/uploads\/video\/aries241.mp4?_=1\" \/><a href=\"http:\/\/berndt-schwerdtfeger.de\/wp-content\/uploads\/video\/aries241.mp4\">http:\/\/berndt-schwerdtfeger.de\/wp-content\/uploads\/video\/aries241.mp4<\/a><\/video><\/div>\n<p>Ein T\u00f6rn nach Lindwerder im Herbst, Dienstag, 15.10.2019<\/p>\n<div style=\"width: 640px;\" class=\"wp-video\"><video class=\"wp-video-shortcode\" id=\"video-674-2\" width=\"640\" height=\"360\" preload=\"metadata\" controls=\"controls\"><source type=\"video\/mp4\" src=\"http:\/\/berndt-schwerdtfeger.de\/wp-content\/uploads\/video\/aries240.mp4?_=2\" \/><a href=\"http:\/\/berndt-schwerdtfeger.de\/wp-content\/uploads\/video\/aries240.mp4\">http:\/\/berndt-schwerdtfeger.de\/wp-content\/uploads\/video\/aries240.mp4<\/a><\/video><\/div>\n<p>Ein T\u00f6rn in die gro\u00dfe Breite vor Schwanenwerder, Montag, 2.9.2019<\/p>\n<div style=\"width: 640px;\" class=\"wp-video\"><video class=\"wp-video-shortcode\" id=\"video-674-3\" width=\"640\" height=\"360\" preload=\"metadata\" controls=\"controls\"><source type=\"video\/mp4\" src=\"http:\/\/berndt-schwerdtfeger.de\/wp-content\/uploads\/video\/aries239.mp4?_=3\" \/><a href=\"http:\/\/berndt-schwerdtfeger.de\/wp-content\/uploads\/video\/aries239.mp4\">http:\/\/berndt-schwerdtfeger.de\/wp-content\/uploads\/video\/aries239.mp4<\/a><\/video><\/div>\n<h3>Ansegeln 2019<\/h3>\n<p>Dies Jahr startete die Segel Saison mit dem <em>Ansegeln<\/em> bei bestem Wetter am 6. April. Ich segelte zum SCO in Kladow, aber dann daran vorbei und rund Pfaueninsel.<br \/>\nngg_shortcode_0_placeholder<\/p>\n","protected":false},"excerpt":{"rendered":"<p>Aries Segeln 2019 Ein weiterer herbstlicher T\u00f6rn rund Lindwerder, Donnerstag, 24.10.2019 Ein T\u00f6rn nach Lindwerder im Herbst, Dienstag, 15.10.2019 Ein T\u00f6rn in die gro\u00dfe Breite vor Schwanenwerder, Montag, 2.9.2019 Ansegeln 2019 Dies Jahr startete die Segel Saison mit dem Ansegeln bei bestem Wetter am 6. April. Ich segelte zum SCO in Kladow, aber dann daran [&hellip;]<\/p>\n","protected":false},"author":1,"featured_media":0,"parent":167,"menu_order":0,"comment_status":"closed","ping_status":"closed","template":"","meta":{"ngg_post_thumbnail":0,"footnotes":""},"class_list":["post-674","page","type-page","status-publish","hentry"],"_links":{"self":[{"href":"https:\/\/berndt-schwerdtfeger.de\/index.php?rest_route=\/wp\/v2\/pages\/674","targetHints":{"allow":["GET"]}}],"collection":[{"href":"https:\/\/berndt-schwerdtfeger.de\/index.php?rest_route=\/wp\/v2\/pages"}],"about":[{"href":"https:\/\/berndt-schwerdtfeger.de\/index.php?rest_route=\/wp\/v2\/types\/page"}],"author":[{"embeddable":true,"href":"https:\/\/berndt-schwerdtfeger.de\/index.php?rest_route=\/wp\/v2\/users\/1"}],"replies":[{"embeddable":true,"href":"https:\/\/berndt-schwerdtfeger.de\/index.php?rest_route=%2Fwp%2Fv2%2Fcomments&post=674"}],"version-history":[{"count":4,"href":"https:\/\/berndt-schwerdtfeger.de\/index.php?rest_route=\/wp\/v2\/pages\/674\/revisions"}],"predecessor-version":[{"id":795,"href":"https:\/\/berndt-schwerdtfeger.de\/index.php?rest_route=\/wp\/v2\/pages\/674\/revisions\/795"}],"up":[{"embeddable":true,"href":"https:\/\/berndt-schwerdtfeger.de\/index.php?rest_route=\/wp\/v2\/pages\/167"}],"wp:attachment":[{"href":"https:\/\/berndt-schwerdtfeger.de\/index.php?rest_route=%2Fwp%2Fv2%2Fmedia&parent=674"}],"curies":[{"name":"wp","href":"https:\/\/api.w.org\/{rel}","templated":true}]}}