{"id":670,"date":"2020-03-23T00:03:33","date_gmt":"2020-03-22T23:03:33","guid":{"rendered":"http:\/\/berndt-schwerdtfeger.de\/?page_id=670"},"modified":"2020-11-22T18:29:15","modified_gmt":"2020-11-22T17:29:15","slug":"sailing-2017","status":"publish","type":"page","link":"https:\/\/berndt-schwerdtfeger.de\/?page_id=670","title":{"rendered":"Segeln 2017"},"content":{"rendered":"<h3>Aries 2017<\/h3>\n<div style=\"width: 640px;\" class=\"wp-video\"><video class=\"wp-video-shortcode\" id=\"video-670-1\" width=\"640\" height=\"360\" preload=\"metadata\" controls=\"controls\"><source type=\"video\/mp4\" src=\"http:\/\/berndt-schwerdtfeger.de\/wp-content\/uploads\/video\/Aries215.mp4?_=1\" \/><a href=\"http:\/\/berndt-schwerdtfeger.de\/wp-content\/uploads\/video\/Aries215.mp4\">http:\/\/berndt-schwerdtfeger.de\/wp-content\/uploads\/video\/Aries215.mp4<\/a><\/video><\/div>\n<p>Ein sehr friedlicher Segelt\u00f6rn am Samstag 16.9.2017.<\/p>\n<h3>Regatta (T\u00f6rn 214) mit Ingo<\/h3>\n<p>Bei der 2.Club-Regatta am Samstag, 9. September 2017, ersegelten wir den 5 Platz. Es hat die meiste Zeit immer so eben weg geregnet &#8211; aber Wind war gut!<\/p>\nngg_shortcode_0_placeholder\n<p>Die <a title=\"SVH\" href=\"https:\/\/svhavel.de\/\">Seglervereinigung Havel<\/a> hat alle Details zu unserer <a title=\"2. Clubwettfahrt\" href=\"https:\/\/svhavel.de\/2-clubwettfahrt-2017\/\">2. Clubwettfahrt<\/a>.<\/p>\n<h3>Yngling segeln 2017<\/h3>\n<p>Ein T\u00f6rn mit der Yngling rund <em>Pfaueninsel<\/em> am Dienstag, 15.8.2017.<\/p>\n<div style=\"width: 720px;\" class=\"wp-video\"><video class=\"wp-video-shortcode\" id=\"video-670-2\" width=\"720\" height=\"405\" preload=\"metadata\" controls=\"controls\"><source type=\"video\/mp4\" src=\"http:\/\/berndt-schwerdtfeger.de\/wp-content\/uploads\/video\/sail211.mp4?_=2\" \/><a href=\"http:\/\/berndt-schwerdtfeger.de\/wp-content\/uploads\/video\/sail211.mp4\">http:\/\/berndt-schwerdtfeger.de\/wp-content\/uploads\/video\/sail211.mp4<\/a><\/video><\/div>\n<h3>Kein Helgoland T\u00f6rn August 2017<\/h3>\n<p>Im Juni hatte ich mich f\u00fcr einen Helgoland T\u00f6rn Anfang August bei der Yachtschule Eichler angemeldet. Am Mittwoch 2.8.2017 ging es auf die Reise nach Finkenwerder &#8211; aber es sollten bis Freitag 8 Bft werden &#8211; mal sehen. Es gab dann tats\u00e4chlich eine Sturmwarnung f\u00fcr die deutsche Bucht und wir sind nur bis H\u00f6he Neuwerk gekommen. Daf\u00fcr haben wir nachts die Oste bis Neuhaus und am Samstag die Schwinge bis Stade erkundet.<\/p>\n<div style=\"width: 720px;\" class=\"wp-video\"><video class=\"wp-video-shortcode\" id=\"video-670-3\" width=\"720\" height=\"405\" preload=\"metadata\" controls=\"controls\"><source type=\"video\/mp4\" src=\"http:\/\/berndt-schwerdtfeger.de\/wp-content\/uploads\/video\/elbe0817.mp4?_=3\" \/><a href=\"http:\/\/berndt-schwerdtfeger.de\/wp-content\/uploads\/video\/elbe0817.mp4\">http:\/\/berndt-schwerdtfeger.de\/wp-content\/uploads\/video\/elbe0817.mp4<\/a><\/video><\/div>\n","protected":false},"excerpt":{"rendered":"<p>Aries 2017 Ein sehr friedlicher Segelt\u00f6rn am Samstag 16.9.2017. Regatta (T\u00f6rn 214) mit Ingo Bei der 2.Club-Regatta am Samstag, 9. September 2017, ersegelten wir den 5 Platz. Es hat die meiste Zeit immer so eben weg geregnet &#8211; aber Wind war gut! Die Seglervereinigung Havel hat alle Details zu unserer 2. Clubwettfahrt. Yngling segeln 2017 [&hellip;]<\/p>\n","protected":false},"author":1,"featured_media":0,"parent":167,"menu_order":0,"comment_status":"closed","ping_status":"closed","template":"","meta":{"ngg_post_thumbnail":0,"footnotes":""},"class_list":["post-670","page","type-page","status-publish","hentry"],"_links":{"self":[{"href":"https:\/\/berndt-schwerdtfeger.de\/index.php?rest_route=\/wp\/v2\/pages\/670","targetHints":{"allow":["GET"]}}],"collection":[{"href":"https:\/\/berndt-schwerdtfeger.de\/index.php?rest_route=\/wp\/v2\/pages"}],"about":[{"href":"https:\/\/berndt-schwerdtfeger.de\/index.php?rest_route=\/wp\/v2\/types\/page"}],"author":[{"embeddable":true,"href":"https:\/\/berndt-schwerdtfeger.de\/index.php?rest_route=\/wp\/v2\/users\/1"}],"replies":[{"embeddable":true,"href":"https:\/\/berndt-schwerdtfeger.de\/index.php?rest_route=%2Fwp%2Fv2%2Fcomments&post=670"}],"version-history":[{"count":5,"href":"https:\/\/berndt-schwerdtfeger.de\/index.php?rest_route=\/wp\/v2\/pages\/670\/revisions"}],"predecessor-version":[{"id":798,"href":"https:\/\/berndt-schwerdtfeger.de\/index.php?rest_route=\/wp\/v2\/pages\/670\/revisions\/798"}],"up":[{"embeddable":true,"href":"https:\/\/berndt-schwerdtfeger.de\/index.php?rest_route=\/wp\/v2\/pages\/167"}],"wp:attachment":[{"href":"https:\/\/berndt-schwerdtfeger.de\/index.php?rest_route=%2Fwp%2Fv2%2Fmedia&parent=670"}],"curies":[{"name":"wp","href":"https:\/\/api.w.org\/{rel}","templated":true}]}}